{"id":67,"date":"2021-04-17T04:18:36","date_gmt":"2021-04-17T04:18:36","guid":{"rendered":"https:\/\/hadrianai.com\/?page_id=67"},"modified":"2024-11-21T09:17:28","modified_gmt":"2024-11-21T09:17:28","slug":"faq","status":"publish","type":"page","link":"https:\/\/hadrianai.com\/it\/faq\/","title":{"rendered":"FAQ"},"content":{"rendered":"<p>[vc_row row_content_width=&#8221;grid&#8221; css=&#8221;.vc_custom_1732180636137{padding-top: 35px !important;padding-bottom: 35px !important;}&#8221;][vc_column][vc_empty_space][vc_column_text]<\/p>\n<ul>\n<li aria-level=\"1\"><strong><a href=\"#anchor-x1\">Come ordinare un\u2019anfora Hadrianai personalizzata<\/a><\/strong><\/li>\n<\/ul>\n<ul>\n<li aria-level=\"1\"><strong><a href=\"#anchor-x2\">Come pulire l\u2019anfora<\/a><\/strong><\/li>\n<\/ul>\n<ul>\n<li aria-level=\"1\"><strong><a href=\"#anchor-x3\">Vantaggi dell\u2019invecchiamento in anfora<\/a><\/strong><\/li>\n<\/ul>\n<p>[\/vc_column_text][vc_empty_space][vc_empty_space][vc_column_text]<\/p>\n<h4 id=\"anchor-x1\" style=\"color: #333;\"><span style=\"font-weight: 400;\">1. Come ordinare la tua anfora<\/span><\/h4>\n<p>La procedura \u00e8 semplice: inviateci una mail con i vostri dettagli aziendali completi e i dettagli del vostro ordine (capacit\u00e0 desiderata dell&#8217;anfora e quantit\u00e0). Inviaci anche la richiesta di eventuali personalizzazioni, come il tuo logo o il coperchio in maiolica verniciato. Ti invieremo il preventivo e tutte le informazioni su pagamento, tempi e consegna.[\/vc_column_text][vc_empty_space][vc_column_text]<\/p>\n<h4 id=\"anchor-x2\" style=\"color: #333;\"><span style=\"font-weight: 400;\">2. Come pulire le anfore<\/span><\/h4>\n<p>I residui rimanenti possono essere rimossi con acqua a pressione o con soda e acido citrico. Ricordate che potete riempire l&#8217;anfora di vino bianco e poi di vino rosso, ma non viceversa per evitare il rischio di &#8220;macchiare&#8221; il vino.[\/vc_column_text][vc_empty_space][vc_column_text]<\/p>\n<h4 id=\"anchor-x3\" style=\"color: #333;\"><span style=\"font-weight: 400;\">3. I vantaggi dell\u2019invecchiamento in anfora<\/span><\/h4>\n<p>I viticoltori generalmente apprezzano l&#8217;origine naturale dell&#8217;argilla e la neutralit\u00e0 della terracotta. Questo materiale infatti conferisce complessit\u00e0 ai vini rispettando allo stesso tempo la purezza dell&#8217;espressione del frutto e del terroir. Questa filosofia \u00e8 spesso legata al rifiuto di influenzare i vini vinificandoli in botti nuove: sempre pi\u00f9 produttori vinicoli desiderano evitare gli aromi troppo marcati dovuti ai tannini del legno di rovere. Segna anche il desiderio di produrre vino senza l&#8217;uso massiccio di tutti i moderni prodotti enologici. Apprezzano inoltre questo materiale per le sue qualit\u00e0 di regolazione termica. Le forme abbastanza generose delle nostre anfore permettono una circolazione naturale delle fecce e quindi un arricchimento dei vini e una migliore stabilit\u00e0. Grazie a queste propriet\u00e0, molti produttori di vino raccolgono la sfida di vinificare in anfora con poca o nessuna aggiunta di SO2. L\u2019invecchiamento in anfora \u00e8 quindi sintomatico di una filosofia non interventista, secondo la quale un buon vino da solo pu\u00f2 essere quasi sufficiente.[\/vc_column_text][vc_empty_space][\/vc_column][\/vc_row]<\/p>\n","protected":false},"excerpt":{"rendered":"<p>[vc_row row_content_width=&#8221;grid&#8221; css=&#8221;.vc_custom_1732180636137{padding-top: 35px !important;padding-bottom: 35px !important;}&#8221;][vc_column][vc_empty_space][vc_column_text] Come ordinare un\u2019anfora Hadrianai personalizzata Come pulire l\u2019anfora Vantaggi dell\u2019invecchiamento in anfora [\/vc_column_text][vc_empty_space][vc_empty_space][vc_column_text] 1. Come ordinare la tua anfora La procedura \u00e8 semplice: inviateci una mail con i vostri dettagli aziendali completi e i dettagli del vostro ordine [&hellip;]<\/p>\n","protected":false},"author":1,"featured_media":0,"parent":0,"menu_order":0,"comment_status":"closed","ping_status":"closed","template":"full-width.php","meta":{"footnotes":""},"class_list":["post-67","page","type-page","status-publish","hentry"],"_links":{"self":[{"href":"https:\/\/hadrianai.com\/it\/wp-json\/wp\/v2\/pages\/67","targetHints":{"allow":["GET"]}}],"collection":[{"href":"https:\/\/hadrianai.com\/it\/wp-json\/wp\/v2\/pages"}],"about":[{"href":"https:\/\/hadrianai.com\/it\/wp-json\/wp\/v2\/types\/page"}],"author":[{"embeddable":true,"href":"https:\/\/hadrianai.com\/it\/wp-json\/wp\/v2\/users\/1"}],"replies":[{"embeddable":true,"href":"https:\/\/hadrianai.com\/it\/wp-json\/wp\/v2\/comments?post=67"}],"version-history":[{"count":16,"href":"https:\/\/hadrianai.com\/it\/wp-json\/wp\/v2\/pages\/67\/revisions"}],"predecessor-version":[{"id":337,"href":"https:\/\/hadrianai.com\/it\/wp-json\/wp\/v2\/pages\/67\/revisions\/337"}],"wp:attachment":[{"href":"https:\/\/hadrianai.com\/it\/wp-json\/wp\/v2\/media?parent=67"}],"curies":[{"name":"wp","href":"https:\/\/api.w.org\/{rel}","templated":true}]}}